{"id":16,"date":"2024-02-29T20:41:05","date_gmt":"2024-03-01T01:41:05","guid":{"rendered":"https:\/\/usafiph.com\/?page_id=16"},"modified":"2024-04-14T01:15:52","modified_gmt":"2024-04-14T05:15:52","slug":"carrieres","status":"publish","type":"page","link":"https:\/\/usafiph.com\/en\/carrieres\/","title":{"rendered":"CAREERS"},"content":{"rendered":"\t\t<div data-elementor-type=\"wp-page\" data-elementor-id=\"16\" class=\"elementor elementor-16\">\n\t\t\t\t<div class=\"elementor-element elementor-element-879db80 e-con-full e-flex wpr-particle-no wpr-jarallax-no wpr-parallax-no wpr-sticky-section-no e-con e-parent\" data-id=\"879db80\" data-element_type=\"container\" data-e-type=\"container\" data-settings=\"{&quot;background_background&quot;:&quot;classic&quot;}\">\n\t\t<div class=\"elementor-element elementor-element-3b81080 e-flex e-con-boxed wpr-particle-no wpr-jarallax-no wpr-parallax-no wpr-sticky-section-no e-con e-child\" data-id=\"3b81080\" data-element_type=\"container\" data-e-type=\"container\">\n\t\t\t\t\t<div class=\"e-con-inner\">\n\t\t\t\t<div class=\"elementor-element elementor-element-8e4595a elementor-widget elementor-widget-heading\" data-id=\"8e4595a\" data-element_type=\"widget\" data-e-type=\"widget\" data-widget_type=\"heading.default\">\n\t\t\t\t<div class=\"elementor-widget-container\">\n\t\t\t\t\t<h2 class=\"elementor-heading-title elementor-size-default\">CARRI\u00c8RES<\/h2>\t\t\t\t<\/div>\n\t\t\t\t<\/div>\n\t\t\t\t<div class=\"elementor-element elementor-element-b3241ed elementor-widget elementor-widget-text-editor\" data-id=\"b3241ed\" data-element_type=\"widget\" data-e-type=\"widget\" data-widget_type=\"text-editor.default\">\n\t\t\t\t<div class=\"elementor-widget-container\">\n\t\t\t\t\t\t\t\t\t<p>Joindre les rangs d&rsquo;Usafiph inc, c\u2019est int\u00e9grer une vaste \u00e9quipe de gens talentueux et passionn\u00e9s qui oeuvrent chaque jour en ayant en t\u00eate l\u2019excellence, le respect de ses pairs et le d\u00e9veloppement durable. Nous sommes une entreprise tiss\u00e9 serr\u00e9 o\u00f9 chacun peut s\u2019\u00e9panouir. Nous avons une place pour toi si tu souhaites contribuer \u00e0 la satisfaction de nos partenaires et participer \u00e0 la cr\u00e9ation d\u2019un lien de confiance. Viens \u00aboeuvrer avec fiert\u00e9\u00bb chez nous en te joignant \u00e0 notre belle \u00e9quipe!<\/p>\t\t\t\t\t\t\t\t<\/div>\n\t\t\t\t<\/div>\n\t\t\t\t<div class=\"elementor-element elementor-element-0d5c96b elementor-widget elementor-widget-heading\" data-id=\"0d5c96b\" data-element_type=\"widget\" data-e-type=\"widget\" data-widget_type=\"heading.default\">\n\t\t\t\t<div class=\"elementor-widget-container\">\n\t\t\t\t\t<h2 class=\"elementor-heading-title elementor-size-default\">REJOIGNEZ L'\u00c9QUIPE<\/h2>\t\t\t\t<\/div>\n\t\t\t\t<\/div>\n\t\t<div class=\"elementor-element elementor-element-672b028 e-flex e-con-boxed wpr-particle-no wpr-jarallax-no wpr-parallax-no wpr-sticky-section-no e-con e-child\" data-id=\"672b028\" data-element_type=\"container\" data-e-type=\"container\">\n\t\t\t\t\t<div class=\"e-con-inner\">\n\t\t\t\t<div class=\"elementor-element elementor-element-451fd21 elementor-align-left elementor-mobile-align-left elementor-widget elementor-widget-button\" data-id=\"451fd21\" data-element_type=\"widget\" data-e-type=\"widget\" data-widget_type=\"button.default\">\n\t\t\t\t<div class=\"elementor-widget-container\">\n\t\t\t\t\t\t\t\t\t<div class=\"elementor-button-wrapper\">\n\t\t\t\t\t<a class=\"elementor-button elementor-button-link elementor-size-sm\" href=\"https:\/\/usafiph.com\/offre-emploi\/\">\n\t\t\t\t\t\t<span class=\"elementor-button-content-wrapper\">\n\t\t\t\t\t\t<span class=\"elementor-button-icon\">\n\t\t\t\t<svg aria-hidden=\"true\" class=\"e-font-icon-svg e-fas-arrow-right\" viewBox=\"0 0 448 512\" xmlns=\"http:\/\/www.w3.org\/2000\/svg\"><path d=\"M190.5 66.9l22.2-22.2c9.4-9.4 24.6-9.4 33.9 0L441 239c9.4 9.4 9.4 24.6 0 33.9L246.6 467.3c-9.4 9.4-24.6 9.4-33.9 0l-22.2-22.2c-9.5-9.5-9.3-25 .4-34.3L311.4 296H24c-13.3 0-24-10.7-24-24v-32c0-13.3 10.7-24 24-24h287.4L190.9 101.2c-9.8-9.3-10-24.8-.4-34.3z\"><\/path><\/svg>\t\t\t<\/span>\n\t\t\t\t\t\t\t\t\t<span class=\"elementor-button-text\">Voir les postes<\/span>\n\t\t\t\t\t<\/span>\n\t\t\t\t\t<\/a>\n\t\t\t\t<\/div>\n\t\t\t\t\t\t\t\t<\/div>\n\t\t\t\t<\/div>\n\t\t\t\t\t<\/div>\n\t\t\t\t<\/div>\n\t\t\t\t\t<\/div>\n\t\t\t\t<\/div>\n\t\t<div class=\"elementor-element elementor-element-90bf4b0 e-flex e-con-boxed wpr-jarallax-no wpr-sticky-section-no e-con e-child\" data-id=\"90bf4b0\" data-element_type=\"container\" data-e-type=\"container\" data-settings=\"{&quot;background_background&quot;:&quot;slideshow&quot;,&quot;background_slideshow_gallery&quot;:[{&quot;id&quot;:3444,&quot;url&quot;:&quot;https:\\\/\\\/usafiph.com\\\/wp-content\\\/uploads\\\/2024\\\/03\\\/Post_1.jpg&quot;},{&quot;id&quot;:3548,&quot;url&quot;:&quot;https:\\\/\\\/usafiph.com\\\/wp-content\\\/uploads\\\/2024\\\/03\\\/Offres-emploi_.jpg&quot;},{&quot;id&quot;:3327,&quot;url&quot;:&quot;https:\\\/\\\/usafiph.com\\\/wp-content\\\/uploads\\\/2024\\\/03\\\/Emplyee.png&quot;},{&quot;id&quot;:3446,&quot;url&quot;:&quot;https:\\\/\\\/usafiph.com\\\/wp-content\\\/uploads\\\/2024\\\/03\\\/Post_3.jpg&quot;},{&quot;id&quot;:3445,&quot;url&quot;:&quot;https:\\\/\\\/usafiph.com\\\/wp-content\\\/uploads\\\/2024\\\/03\\\/Post_2.jpg&quot;}],&quot;background_slideshow_slide_duration&quot;:2500,&quot;background_slideshow_slide_transition&quot;:&quot;slide_left&quot;,&quot;background_slideshow_loop&quot;:&quot;yes&quot;,&quot;background_slideshow_transition_duration&quot;:500}\">\n\t\t\t\t\t<div class=\"e-con-inner\">\n\t\t\t\t\t<\/div>\n\t\t\t\t<\/div>\n\t\t\t\t<\/div>\n\t\t<div class=\"elementor-element elementor-element-97f97c2 e-flex e-con-boxed wpr-particle-no wpr-jarallax-no wpr-parallax-no wpr-sticky-section-no e-con e-parent\" data-id=\"97f97c2\" data-element_type=\"container\" data-e-type=\"container\" data-settings=\"{&quot;background_background&quot;:&quot;classic&quot;}\">\n\t\t\t\t\t<div class=\"e-con-inner\">\n\t\t<div class=\"elementor-element elementor-element-5e36a19 e-con-full e-flex wpr-particle-no wpr-jarallax-no wpr-parallax-no wpr-sticky-section-no e-con e-child\" data-id=\"5e36a19\" data-element_type=\"container\" data-e-type=\"container\">\n\t\t\t\t<div class=\"elementor-element elementor-element-52d9713 elementor-widget elementor-widget-heading\" data-id=\"52d9713\" data-element_type=\"widget\" data-e-type=\"widget\" data-widget_type=\"heading.default\">\n\t\t\t\t<div class=\"elementor-widget-container\">\n\t\t\t\t\t<h1 class=\"elementor-heading-title elementor-size-default\">NOS VALEURS<\/h1>\t\t\t\t<\/div>\n\t\t\t\t<\/div>\n\t\t\t\t<div class=\"elementor-element elementor-element-d0a7b1b animated-slow elementor-invisible elementor-widget elementor-widget-image\" data-id=\"d0a7b1b\" data-element_type=\"widget\" data-e-type=\"widget\" data-settings=\"{&quot;_animation_mobile&quot;:&quot;fadeInUp&quot;,&quot;_animation&quot;:&quot;fadeInUp&quot;,&quot;_animation_delay&quot;:100}\" data-widget_type=\"image.default\">\n\t\t\t\t<div class=\"elementor-widget-container\">\n\t\t\t\t\t\t\t\t\t\t\t\t\t\t\t<img fetchpriority=\"high\" decoding=\"async\" width=\"745\" height=\"745\" src=\"https:\/\/usafiph.com\/wp-content\/uploads\/2024\/03\/Valeurs.png\" class=\"attachment-full size-full wp-image-1671\" alt=\"\" srcset=\"https:\/\/usafiph.com\/wp-content\/uploads\/2024\/03\/Valeurs.png 745w, https:\/\/usafiph.com\/wp-content\/uploads\/2024\/03\/Valeurs-300x300.png 300w, https:\/\/usafiph.com\/wp-content\/uploads\/2024\/03\/Valeurs-150x150.png 150w\" sizes=\"(max-width: 745px) 100vw, 745px\" \/>\t\t\t\t\t\t\t\t\t\t\t\t\t\t\t<\/div>\n\t\t\t\t<\/div>\n\t\t\t\t<\/div>\n\t\t<div class=\"elementor-element elementor-element-65d6b9c e-con-full e-flex wpr-particle-no wpr-jarallax-no wpr-parallax-no wpr-sticky-section-no e-con e-child\" data-id=\"65d6b9c\" data-element_type=\"container\" data-e-type=\"container\">\n\t\t\t\t<div class=\"elementor-element elementor-element-1b53af5 elementor-widget elementor-widget-heading\" data-id=\"1b53af5\" data-element_type=\"widget\" data-e-type=\"widget\" data-widget_type=\"heading.default\">\n\t\t\t\t<div class=\"elementor-widget-container\">\n\t\t\t\t\t<h2 class=\"elementor-heading-title elementor-size-default\">LA FORCE DU COLLECTIF<\/h2>\t\t\t\t<\/div>\n\t\t\t\t<\/div>\n\t\t\t\t<div class=\"elementor-element elementor-element-6a342c2 elementor-widget elementor-widget-text-editor\" data-id=\"6a342c2\" data-element_type=\"widget\" data-e-type=\"widget\" data-widget_type=\"text-editor.default\">\n\t\t\t\t<div class=\"elementor-widget-container\">\n\t\t\t\t\t\t\t\t\tPeu importe l\u2019instigateur, une bonne id\u00e9e est une bonne id\u00e9e. On fait fi de la hi\u00e9rarchie en recherchant constamment la meilleure fa\u00e7on de faire. Toujours viser plus haut, faire mieux et s\u2019am\u00e9liorer comme individus, comme \u00e9quipe et comme entreprise, voil\u00e0 ce qui nous guide dans notre quotidien. Nous sommes plus pertinents et percutants ensemble dans un contexte o\u00f9 tout le monde a sa place et fait une r\u00e9elle diff\u00e9rence.\t\t\t\t\t\t\t\t<\/div>\n\t\t\t\t<\/div>\n\t\t\t\t<div class=\"elementor-element elementor-element-e91fb13 elementor-widget elementor-widget-heading\" data-id=\"e91fb13\" data-element_type=\"widget\" data-e-type=\"widget\" data-widget_type=\"heading.default\">\n\t\t\t\t<div class=\"elementor-widget-container\">\n\t\t\t\t\t<h2 class=\"elementor-heading-title elementor-size-default\">UNE TRANSPARENCE TOTALE ET ASSUM\u00c9E<\/h2>\t\t\t\t<\/div>\n\t\t\t\t<\/div>\n\t\t\t\t<div class=\"elementor-element elementor-element-8514480 elementor-widget elementor-widget-text-editor\" data-id=\"8514480\" data-element_type=\"widget\" data-e-type=\"widget\" data-widget_type=\"text-editor.default\">\n\t\t\t\t<div class=\"elementor-widget-container\">\n\t\t\t\t\t\t\t\t\tGage d\u2019une aisance et d\u2019une libert\u00e9 dans la port\u00e9e de nos gestes, l\u2019\u00e9thique et l\u2019honn\u00eatet\u00e9 sont fi\u00e8rement mises de l\u2019avant et justifient le lien de confiance que nous entretenons avec nos partenaires. Agir de fa\u00e7on telle et en \u00e9tant toujours cons\u00e9quent avec ce que l\u2019on dit, oblige \u00e0 l\u2019imputabilit\u00e9 de nos d\u00e9cisions.\t\t\t\t\t\t\t\t<\/div>\n\t\t\t\t<\/div>\n\t\t\t\t<div class=\"elementor-element elementor-element-4e0f5e4 elementor-widget elementor-widget-heading\" data-id=\"4e0f5e4\" data-element_type=\"widget\" data-e-type=\"widget\" data-widget_type=\"heading.default\">\n\t\t\t\t<div class=\"elementor-widget-container\">\n\t\t\t\t\t<h2 class=\"elementor-heading-title elementor-size-default\">OSER PRENDRE DES INITIATIVES, UNE DISTINCTION GAGNANTE<\/h2>\t\t\t\t<\/div>\n\t\t\t\t<\/div>\n\t\t\t\t<div class=\"elementor-element elementor-element-fecb286 elementor-widget elementor-widget-text-editor\" data-id=\"fecb286\" data-element_type=\"widget\" data-e-type=\"widget\" data-widget_type=\"text-editor.default\">\n\t\t\t\t<div class=\"elementor-widget-container\">\n\t\t\t\t\t\t\t\t\tNous sommes tous des \u00abambassadeurs entrepreneurs\u00bb dans nos actions et nos d\u00e9cisions. C\u2019est une fa\u00e7on d\u2019\u00eatre qui s\u2019exprime par le d\u00e9sir de chaque employ\u00e9 de relever les nombreux d\u00e9fis et ce, peu importe leur r\u00f4le. En innovant gr\u00e2ce au talent et au leadership de chacun, notre \u00e9quipe est mobilis\u00e9e \u00e0 faire la diff\u00e9rence. Cela repr\u00e9sente une valeur ajout\u00e9e inestimable pour nos partenaires.\t\t\t\t\t\t\t\t<\/div>\n\t\t\t\t<\/div>\n\t\t\t\t<\/div>\n\t\t<div class=\"elementor-element elementor-element-3e10dd1 e-con-full e-flex wpr-particle-no wpr-jarallax-no wpr-parallax-no wpr-sticky-section-no e-con e-child\" data-id=\"3e10dd1\" data-element_type=\"container\" data-e-type=\"container\">\n\t\t\t\t<div class=\"elementor-element elementor-element-7afbe37 elementor-widget elementor-widget-heading\" data-id=\"7afbe37\" data-element_type=\"widget\" data-e-type=\"widget\" data-widget_type=\"heading.default\">\n\t\t\t\t<div class=\"elementor-widget-container\">\n\t\t\t\t\t<h2 class=\"elementor-heading-title elementor-size-default\">LA BIENVEILLANCE, PARTOUT ET ENVERS TOUS<\/h2>\t\t\t\t<\/div>\n\t\t\t\t<\/div>\n\t\t\t\t<div class=\"elementor-element elementor-element-ae2ce5d elementor-widget elementor-widget-text-editor\" data-id=\"ae2ce5d\" data-element_type=\"widget\" data-e-type=\"widget\" data-widget_type=\"text-editor.default\">\n\t\t\t\t<div class=\"elementor-widget-container\">\n\t\t\t\t\t\t\t\t\t<p>Le souci de notre communaut\u00e9, de nos coll\u00e8gues et de nos partenaires est sans contredit d\u2019une importance capitale. Chez Service Usafiph inc, nous sommes passionn\u00e9s et investis dans notre engagement \u00e0 r\u00e9ussir dans chacun de nos mandats, le succ\u00e8s de ceux-ci \u00e9tant le carburant de notre fiert\u00e9. Ultimement, le bien-\u00eatre, la sant\u00e9 et la s\u00e9curit\u00e9 de nos employ\u00e9s, \u00ab fiers ambassadeurs de notre \u00e9quipe \u00bb, demeureront toujours notre r\u00e9elle priorit\u00e9.<\/p>\t\t\t\t\t\t\t\t<\/div>\n\t\t\t\t<\/div>\n\t\t\t\t<div class=\"elementor-element elementor-element-1c94c79 elementor-widget elementor-widget-heading\" data-id=\"1c94c79\" data-element_type=\"widget\" data-e-type=\"widget\" data-widget_type=\"heading.default\">\n\t\t\t\t<div class=\"elementor-widget-container\">\n\t\t\t\t\t<h2 class=\"elementor-heading-title elementor-size-default\">LA FLEXIBILIT\u00c9, TOUJOURS\nET TOUT LE TEMPS<\/h2>\t\t\t\t<\/div>\n\t\t\t\t<\/div>\n\t\t\t\t<div class=\"elementor-element elementor-element-d5aaf6c elementor-widget elementor-widget-text-editor\" data-id=\"d5aaf6c\" data-element_type=\"widget\" data-e-type=\"widget\" data-widget_type=\"text-editor.default\">\n\t\t\t\t<div class=\"elementor-widget-container\">\n\t\t\t\t\t\t\t\t\tNous nous adaptons pour mieux r\u00e9agir et r\u00e9pondre \u00e0 vos exigences. Nous n\u2019h\u00e9sitons jamais \u00e0 bondir sur une opportunit\u00e9 de nous am\u00e9liorer afin de garantir la r\u00e9ussite de ce que nous entreprenons. S\u2019arr\u00eater ou prendre un pas de recul pour mieux comprendre un d\u00e9fi, un enjeu ou une pr\u00e9occupation demeurera toujours la base \u00e0 des solutions constructives et adapt\u00e9es aux probl\u00e9matiques rencontr\u00e9es.\t\t\t\t\t\t\t\t<\/div>\n\t\t\t\t<\/div>\n\t\t\t\t<\/div>\n\t\t\t\t\t<\/div>\n\t\t\t\t<\/div>\n\t\t<div class=\"elementor-element elementor-element-33b155fa e-flex e-con-boxed wpr-particle-no wpr-jarallax-no wpr-parallax-no wpr-sticky-section-no e-con e-parent\" data-id=\"33b155fa\" data-element_type=\"container\" data-e-type=\"container\">\n\t\t\t\t\t<div class=\"e-con-inner\">\n\t\t\t\t<div class=\"elementor-element elementor-element-5ce9a809 wpr-stt-btn-align-fixed wpr-stt-btn-align-fixed-right elementor-widget elementor-widget-wpr-back-to-top\" data-id=\"5ce9a809\" data-element_type=\"widget\" data-e-type=\"widget\" data-widget_type=\"wpr-back-to-top.default\">\n\t\t\t\t<div class=\"elementor-widget-container\">\n\t\t\t\t\t<div class=\"wpr-stt-wrapper\"><div class='wpr-stt-btn' data-settings='{&quot;animation&quot;:&quot;fade&quot;,&quot;animationOffset&quot;:&quot;0&quot;,&quot;animationDuration&quot;:&quot;200&quot;,&quot;fixed&quot;:&quot;fixed&quot;,&quot;scrolAnim&quot;:&quot;800&quot;}'><span class=\"wpr-stt-icon\"><svg class=\"e-font-icon-svg e-fas-chevron-up\" viewBox=\"0 0 448 512\" xmlns=\"http:\/\/www.w3.org\/2000\/svg\"><path d=\"M240.971 130.524l194.343 194.343c9.373 9.373 9.373 24.569 0 33.941l-22.667 22.667c-9.357 9.357-24.522 9.375-33.901.04L224 227.495 69.255 381.516c-9.379 9.335-24.544 9.317-33.901-.04l-22.667-22.667c-9.373-9.373-9.373-24.569 0-33.941L207.03 130.525c9.372-9.373 24.568-9.373 33.941-.001z\"><\/path><\/svg><\/span><\/div><\/div>\t\t\t\t<\/div>\n\t\t\t\t<\/div>\n\t\t\t\t\t<\/div>\n\t\t\t\t<\/div>\n\t\t<div class=\"elementor-element elementor-element-aaec811 e-flex e-con-boxed wpr-particle-no wpr-jarallax-no wpr-parallax-no wpr-sticky-section-no e-con e-parent\" data-id=\"aaec811\" data-element_type=\"container\" data-e-type=\"container\" data-settings=\"{&quot;background_background&quot;:&quot;classic&quot;}\">\n\t\t\t\t\t<div class=\"e-con-inner\">\n\t\t<div class=\"elementor-element elementor-element-49bc4c8 e-flex e-con-boxed wpr-particle-no wpr-jarallax-no wpr-parallax-no wpr-sticky-section-no e-con e-child\" data-id=\"49bc4c8\" data-element_type=\"container\" data-e-type=\"container\">\n\t\t\t\t\t<div class=\"e-con-inner\">\n\t\t\t\t<div class=\"elementor-element elementor-element-10f1ee6 elementor-widget elementor-widget-heading\" data-id=\"10f1ee6\" data-element_type=\"widget\" data-e-type=\"widget\" data-widget_type=\"heading.default\">\n\t\t\t\t<div class=\"elementor-widget-container\">\n\t\t\t\t\t<h2 class=\"elementor-heading-title elementor-size-default\">CANDIDATURE SPONTAN\u00c9E<\/h2>\t\t\t\t<\/div>\n\t\t\t\t<\/div>\n\t\t\t\t\t<\/div>\n\t\t\t\t<\/div>\n\t\t\t\t<div class=\"elementor-element elementor-element-7721778 elementor-widget elementor-widget-text-editor\" data-id=\"7721778\" data-element_type=\"widget\" data-e-type=\"widget\" data-widget_type=\"text-editor.default\">\n\t\t\t\t<div class=\"elementor-widget-container\">\n\t\t\t\t\t\t\t\t\t<p>Tu aimerais te joindre \u00e0 nous, mais tu ne vois pas l\u2019emploi qui correspond \u00e0 ton profil en ce moment? Ne manque pas ta chance de faire partie de notre belle \u00e9quipe et d\u00e9pose tout de m\u00eame ta candidature \u2026 nous voulons avoir la chance de te conna\u00eetre !<\/p>\t\t\t\t\t\t\t\t<\/div>\n\t\t\t\t<\/div>\n\t\t<div class=\"elementor-element elementor-element-75d3ebd e-flex e-con-boxed wpr-particle-no wpr-jarallax-no wpr-parallax-no wpr-sticky-section-no e-con e-child\" data-id=\"75d3ebd\" data-element_type=\"container\" data-e-type=\"container\">\n\t\t\t\t\t<div class=\"e-con-inner\">\n\t\t\t\t<div class=\"elementor-element elementor-element-bdaecac elementor-widget__width-initial elementor-widget elementor-widget-text-editor\" data-id=\"bdaecac\" data-element_type=\"widget\" data-e-type=\"widget\" data-widget_type=\"text-editor.default\">\n\t\t\t\t<div class=\"elementor-widget-container\">\n\t\t\t\t\t\t\t\t\t<a style=\"text-decoration: none;\" href=\"mailto:info@usafiph.ca?subject=Candidature%20spontann\u00e9e&amp;body=Candidature%20spontann\u00e9e%0D%0AIns%C3%A8rer%20en%20pi%C3%A8ce%20jointe%20votre%20curriculum%20vitea%20ainsi%20que%20votre%20lettre%20de%20pr\u00e9sentation.%0D%0Ahttps:\/\/usafiph.com\/offre-emploi\">\nPostuler\n<\/a>\t\t\t\t\t\t\t\t<\/div>\n\t\t\t\t<\/div>\n\t\t\t\t\t<\/div>\n\t\t\t\t<\/div>\n\t\t\t\t\t<\/div>\n\t\t\t\t<\/div>\n\t\t\t\t<\/div>\n\t\t","protected":false},"excerpt":{"rendered":"<p>CARRI\u00c8RES Joindre les rangs d&rsquo;Usafiph inc, c\u2019est int\u00e9grer une vaste \u00e9quipe de gens talentueux et passionn\u00e9s qui oeuvrent chaque jour en ayant en t\u00eate l\u2019excellence, le respect de ses pairs et le d\u00e9veloppement durable. Nous sommes une entreprise tiss\u00e9 serr\u00e9 o\u00f9 chacun peut s\u2019\u00e9panouir. Nous avons une place pour toi si tu souhaites contribuer \u00e0 la satisfaction de nos partenaires et participer \u00e0 la cr\u00e9ation d\u2019un lien de confiance. Viens \u00aboeuvrer avec fiert\u00e9\u00bb chez nous en te joignant \u00e0 notre belle \u00e9quipe! REJOIGNEZ L&rsquo;\u00c9QUIPE Voir les postes NOS VALEURS LA FORCE DU COLLECTIF Peu importe l\u2019instigateur, une bonne id\u00e9e est une bonne id\u00e9e. On fait fi de la hi\u00e9rarchie en recherchant constamment la meilleure fa\u00e7on de faire. Toujours viser plus haut, faire mieux et s\u2019am\u00e9liorer comme individus, comme \u00e9quipe et comme entreprise, voil\u00e0 ce qui nous guide dans notre quotidien. Nous sommes plus pertinents et percutants ensemble dans un contexte o\u00f9 tout le monde a sa place et fait une r\u00e9elle diff\u00e9rence. UNE TRANSPARENCE TOTALE ET ASSUM\u00c9E Gage d\u2019une aisance et d\u2019une libert\u00e9 dans la port\u00e9e de nos gestes, l\u2019\u00e9thique et l\u2019honn\u00eatet\u00e9 sont fi\u00e8rement mises de l\u2019avant et justifient le lien de confiance que nous entretenons avec nos partenaires. Agir de fa\u00e7on telle et en \u00e9tant toujours cons\u00e9quent avec ce que l\u2019on dit, oblige \u00e0 l\u2019imputabilit\u00e9 de nos d\u00e9cisions. OSER PRENDRE DES INITIATIVES, UNE DISTINCTION GAGNANTE Nous sommes tous des \u00abambassadeurs entrepreneurs\u00bb dans nos actions et nos d\u00e9cisions. C\u2019est une fa\u00e7on d\u2019\u00eatre qui s\u2019exprime par le d\u00e9sir de chaque employ\u00e9 de relever les nombreux d\u00e9fis et ce, peu importe leur r\u00f4le. En innovant gr\u00e2ce au talent et au leadership de chacun, notre \u00e9quipe est mobilis\u00e9e \u00e0 faire la diff\u00e9rence. Cela repr\u00e9sente une valeur ajout\u00e9e inestimable pour nos partenaires. LA BIENVEILLANCE, PARTOUT ET ENVERS TOUS Le souci de notre communaut\u00e9, de nos coll\u00e8gues et de nos partenaires est sans contredit d\u2019une importance capitale. Chez Service Usafiph inc, nous sommes passionn\u00e9s et investis dans notre engagement \u00e0 r\u00e9ussir dans chacun de nos mandats, le succ\u00e8s de ceux-ci \u00e9tant le carburant de notre fiert\u00e9. Ultimement, le bien-\u00eatre, la sant\u00e9 et la s\u00e9curit\u00e9 de nos employ\u00e9s, \u00ab fiers ambassadeurs de notre \u00e9quipe \u00bb, demeureront toujours notre r\u00e9elle priorit\u00e9. LA FLEXIBILIT\u00c9, TOUJOURS ET TOUT LE TEMPS Nous nous adaptons pour mieux r\u00e9agir et r\u00e9pondre \u00e0 vos exigences. Nous n\u2019h\u00e9sitons jamais \u00e0 bondir sur une opportunit\u00e9 de nous am\u00e9liorer afin de garantir la r\u00e9ussite de ce que nous entreprenons. S\u2019arr\u00eater ou prendre un pas de recul pour mieux comprendre un d\u00e9fi, un enjeu ou une pr\u00e9occupation demeurera toujours la base \u00e0 des solutions constructives et adapt\u00e9es aux probl\u00e9matiques rencontr\u00e9es. CANDIDATURE SPONTAN\u00c9E Tu aimerais te joindre \u00e0 nous, mais tu ne vois pas l\u2019emploi qui correspond \u00e0 ton profil en ce moment? Ne manque pas ta chance de faire partie de notre belle \u00e9quipe et d\u00e9pose tout de m\u00eame ta candidature \u2026 nous voulons avoir la chance de te conna\u00eetre ! Postuler<\/p>","protected":false},"author":1,"featured_media":0,"parent":0,"menu_order":0,"comment_status":"closed","ping_status":"closed","template":"","meta":{"footnotes":""},"class_list":["post-16","page","type-page","status-publish","hentry"],"_links":{"self":[{"href":"https:\/\/usafiph.com\/en\/wp-json\/wp\/v2\/pages\/16","targetHints":{"allow":["GET"]}}],"collection":[{"href":"https:\/\/usafiph.com\/en\/wp-json\/wp\/v2\/pages"}],"about":[{"href":"https:\/\/usafiph.com\/en\/wp-json\/wp\/v2\/types\/page"}],"author":[{"embeddable":true,"href":"https:\/\/usafiph.com\/en\/wp-json\/wp\/v2\/users\/1"}],"replies":[{"embeddable":true,"href":"https:\/\/usafiph.com\/en\/wp-json\/wp\/v2\/comments?post=16"}],"version-history":[{"count":3,"href":"https:\/\/usafiph.com\/en\/wp-json\/wp\/v2\/pages\/16\/revisions"}],"predecessor-version":[{"id":4750,"href":"https:\/\/usafiph.com\/en\/wp-json\/wp\/v2\/pages\/16\/revisions\/4750"}],"wp:attachment":[{"href":"https:\/\/usafiph.com\/en\/wp-json\/wp\/v2\/media?parent=16"}],"curies":[{"name":"wp","href":"https:\/\/api.w.org\/{rel}","templated":true}]}}