{"id":4461,"date":"2024-04-06T20:28:42","date_gmt":"2024-04-07T00:28:42","guid":{"rendered":"https:\/\/usafiph.com\/?page_id=4461"},"modified":"2024-04-06T22:38:54","modified_gmt":"2024-04-07T02:38:54","slug":"implications-sociales","status":"publish","type":"page","link":"https:\/\/usafiph.com\/en\/implications-sociales\/","title":{"rendered":"Social implications"},"content":{"rendered":"<div data-elementor-type=\"wp-page\" data-elementor-id=\"4461\" class=\"elementor elementor-4461\">\n\t\t\t\t\t\t<section class=\"elementor-section elementor-top-section elementor-element elementor-element-72bb0045 elementor-section-height-min-height elementor-section-boxed elementor-section-height-default elementor-section-items-middle wpr-particle-no wpr-jarallax-no wpr-parallax-no wpr-sticky-section-no\" data-id=\"72bb0045\" data-element_type=\"section\" data-e-type=\"section\" data-settings=\"{&quot;background_background&quot;:&quot;classic&quot;}\">\n\t\t\t\t\t\t\t<div class=\"elementor-background-overlay\"><\/div>\n\t\t\t\t\t\t\t<div class=\"elementor-container elementor-column-gap-default\">\n\t\t\t\t\t<div class=\"elementor-column elementor-col-100 elementor-top-column elementor-element elementor-element-3653da2a\" data-id=\"3653da2a\" data-element_type=\"column\" data-e-type=\"column\">\n\t\t\t<div class=\"elementor-widget-wrap elementor-element-populated\">\n\t\t\t\t\t\t<div class=\"elementor-element elementor-element-b0e4b5b elementor-widget elementor-widget-heading\" data-id=\"b0e4b5b\" data-element_type=\"widget\" data-e-type=\"widget\" data-widget_type=\"heading.default\">\n\t\t\t\t<div class=\"elementor-widget-container\">\n\t\t\t\t\t<h2 class=\"elementor-heading-title elementor-size-default\">Social implications<\/h2>\t\t\t\t<\/div>\n\t\t\t\t<\/div>\n\t\t\t\t\t<\/div>\n\t\t<\/div>\n\t\t\t\t\t<\/div>\n\t\t<\/section>\n\t\t<div class=\"elementor-element elementor-element-95fa14c e-flex e-con-boxed wpr-particle-no wpr-jarallax-no wpr-parallax-no wpr-sticky-section-no e-con e-parent\" data-id=\"95fa14c\" data-element_type=\"container\" data-e-type=\"container\">\n\t\t\t\t\t<div class=\"e-con-inner\">\n\t\t<div class=\"elementor-element elementor-element-f71ab46 e-flex e-con-boxed wpr-particle-no wpr-jarallax-no wpr-parallax-no wpr-sticky-section-no elementor-invisible e-con e-child\" data-id=\"f71ab46\" data-element_type=\"container\" data-e-type=\"container\" data-settings=\"{&quot;animation&quot;:&quot;slideInLeft&quot;}\">\n\t\t\t\t\t<div class=\"e-con-inner\">\n\t\t\t\t<div class=\"elementor-element elementor-element-5430706 elementor-widget elementor-widget-image\" data-id=\"5430706\" data-element_type=\"widget\" data-e-type=\"widget\" data-widget_type=\"image.default\">\n\t\t\t\t<div class=\"elementor-widget-container\">\n\t\t\t\t\t\t\t\t\t\t\t\t\t\t\t<img fetchpriority=\"high\" decoding=\"async\" width=\"800\" height=\"450\" src=\"https:\/\/usafiph.com\/wp-content\/uploads\/2024\/04\/RSE-1030x579.jpg\" class=\"attachment-large size-large wp-image-4468\" alt=\"\" srcset=\"https:\/\/usafiph.com\/wp-content\/uploads\/2024\/04\/RSE-1030x579.jpg 1030w, https:\/\/usafiph.com\/wp-content\/uploads\/2024\/04\/RSE-300x169.jpg 300w, https:\/\/usafiph.com\/wp-content\/uploads\/2024\/04\/RSE-768x432.jpg 768w, https:\/\/usafiph.com\/wp-content\/uploads\/2024\/04\/RSE-1536x864.jpg 1536w, https:\/\/usafiph.com\/wp-content\/uploads\/2024\/04\/RSE-18x10.jpg 18w, https:\/\/usafiph.com\/wp-content\/uploads\/2024\/04\/RSE.jpg 1920w\" sizes=\"(max-width: 800px) 100vw, 800px\" \/>\t\t\t\t\t\t\t\t\t\t\t\t\t\t\t<\/div>\n\t\t\t\t<\/div>\n\t\t\t\t\t<\/div>\n\t\t\t\t<\/div>\n\t\t<div class=\"elementor-element elementor-element-bb90383 e-flex e-con-boxed wpr-particle-no wpr-jarallax-no wpr-parallax-no wpr-sticky-section-no elementor-invisible e-con e-child\" data-id=\"bb90383\" data-element_type=\"container\" data-e-type=\"container\" data-settings=\"{&quot;animation&quot;:&quot;slideInRight&quot;}\">\n\t\t\t\t\t<div class=\"e-con-inner\">\n\t\t\t\t<div class=\"elementor-element elementor-element-c9f82f2 elementor-widget elementor-widget-heading\" data-id=\"c9f82f2\" data-element_type=\"widget\" data-e-type=\"widget\" data-widget_type=\"heading.default\">\n\t\t\t\t<div class=\"elementor-widget-container\">\n\t\t\t\t\t<h2 class=\"elementor-heading-title elementor-size-default\">Program RSE<\/h2>\t\t\t\t<\/div>\n\t\t\t\t<\/div>\n\t\t\t\t<div class=\"elementor-element elementor-element-71021eb elementor-widget elementor-widget-text-editor\" data-id=\"71021eb\" data-element_type=\"widget\" data-e-type=\"widget\" data-widget_type=\"text-editor.default\">\n\t\t\t\t<div class=\"elementor-widget-container\">\n\t\t\t\t\t\t\t\t\t<p>Committed to social, environmental and human development, Service Usafiph inc pays particular attention to sustainable development objectives. Certain points of the Sustainable Development Goals are at the heart of our strategy.<\/p><p>The elimination of poverty,<br \/>The democratization of equitable, inclusive and quality education,<br \/>The empowerment of women and girls,<br \/>Job creation,<br \/>The preservation and restoration of terrestrial ecosystems etc.<\/p>\t\t\t\t\t\t\t\t<\/div>\n\t\t\t\t<\/div>\n\t\t\t\t\t<\/div>\n\t\t\t\t<\/div>\n\t\t\t\t\t<\/div>\n\t\t\t\t<\/div>\n\t\t<div class=\"elementor-element elementor-element-a747265 e-flex e-con-boxed wpr-particle-no wpr-jarallax-no wpr-parallax-no wpr-sticky-section-no e-con e-parent\" data-id=\"a747265\" data-element_type=\"container\" data-e-type=\"container\">\n\t\t\t\t\t<div class=\"e-con-inner\">\n\t\t<div class=\"elementor-element elementor-element-e980ff6 e-flex e-con-boxed wpr-particle-no wpr-jarallax-no wpr-parallax-no wpr-sticky-section-no elementor-invisible e-con e-child\" data-id=\"e980ff6\" data-element_type=\"container\" data-e-type=\"container\" data-settings=\"{&quot;animation&quot;:&quot;slideInLeft&quot;}\">\n\t\t\t\t\t<div class=\"e-con-inner\">\n\t\t\t\t<div class=\"elementor-element elementor-element-83086f0 elementor-widget elementor-widget-heading\" data-id=\"83086f0\" data-element_type=\"widget\" data-e-type=\"widget\" data-widget_type=\"heading.default\">\n\t\t\t\t<div class=\"elementor-widget-container\">\n\t\t\t\t\t<h2 class=\"elementor-heading-title elementor-size-default\">Charitable donations<\/h2>\t\t\t\t<\/div>\n\t\t\t\t<\/div>\n\t\t\t\t<div class=\"elementor-element elementor-element-9b955fe elementor-widget elementor-widget-text-editor\" data-id=\"9b955fe\" data-element_type=\"widget\" data-e-type=\"widget\" data-widget_type=\"text-editor.default\">\n\t\t\t\t<div class=\"elementor-widget-container\">\n\t\t\t\t\t\t\t\t\t<p>Having health means that the body, morale and reason are in good condition, but today in developing countries this is not the case. Being in poor health causes pain, can prevent you from working and in the worst cases lead to death. Supporting health in these countries is a way to guarantee the future and the lives of thousands of people in need. Service Usafiph inc, through volunteers, provides support to medical teams in dispensaries, hospitals or clinics and above all improve patient care and monitoring.\u00a0\u00a0<\/p>\t\t\t\t\t\t\t\t<\/div>\n\t\t\t\t<\/div>\n\t\t\t\t\t<\/div>\n\t\t\t\t<\/div>\n\t\t<div class=\"elementor-element elementor-element-c607a1b e-flex e-con-boxed wpr-particle-no wpr-jarallax-no wpr-parallax-no wpr-sticky-section-no elementor-invisible e-con e-child\" data-id=\"c607a1b\" data-element_type=\"container\" data-e-type=\"container\" data-settings=\"{&quot;animation&quot;:&quot;slideInRight&quot;}\">\n\t\t\t\t\t<div class=\"e-con-inner\">\n\t\t\t\t<div class=\"elementor-element elementor-element-16f4249 elementor-widget elementor-widget-image\" data-id=\"16f4249\" data-element_type=\"widget\" data-e-type=\"widget\" data-widget_type=\"image.default\">\n\t\t\t\t<div class=\"elementor-widget-container\">\n\t\t\t\t\t\t\t\t\t\t\t\t\t\t\t<img decoding=\"async\" width=\"800\" height=\"450\" src=\"https:\/\/usafiph.com\/wp-content\/uploads\/2024\/04\/Dons-de-bienfaisance-1030x579.jpg\" class=\"attachment-large size-large wp-image-4470\" alt=\"\" srcset=\"https:\/\/usafiph.com\/wp-content\/uploads\/2024\/04\/Dons-de-bienfaisance-1030x579.jpg 1030w, https:\/\/usafiph.com\/wp-content\/uploads\/2024\/04\/Dons-de-bienfaisance-300x169.jpg 300w, https:\/\/usafiph.com\/wp-content\/uploads\/2024\/04\/Dons-de-bienfaisance-768x432.jpg 768w, https:\/\/usafiph.com\/wp-content\/uploads\/2024\/04\/Dons-de-bienfaisance-1536x864.jpg 1536w, https:\/\/usafiph.com\/wp-content\/uploads\/2024\/04\/Dons-de-bienfaisance-18x10.jpg 18w, https:\/\/usafiph.com\/wp-content\/uploads\/2024\/04\/Dons-de-bienfaisance.jpg 1920w\" sizes=\"(max-width: 800px) 100vw, 800px\" \/>\t\t\t\t\t\t\t\t\t\t\t\t\t\t\t<\/div>\n\t\t\t\t<\/div>\n\t\t\t\t\t<\/div>\n\t\t\t\t<\/div>\n\t\t\t\t\t<\/div>\n\t\t\t\t<\/div>\n\t\t<div class=\"elementor-element elementor-element-024e86a e-flex e-con-boxed wpr-particle-no wpr-jarallax-no wpr-parallax-no wpr-sticky-section-no e-con e-parent\" data-id=\"024e86a\" data-element_type=\"container\" data-e-type=\"container\">\n\t\t\t\t\t<div class=\"e-con-inner\">\n\t\t<div class=\"elementor-element elementor-element-6966705 e-flex e-con-boxed wpr-particle-no wpr-jarallax-no wpr-parallax-no wpr-sticky-section-no elementor-invisible e-con e-child\" data-id=\"6966705\" data-element_type=\"container\" data-e-type=\"container\" data-settings=\"{&quot;animation&quot;:&quot;slideInLeft&quot;}\">\n\t\t\t\t\t<div class=\"e-con-inner\">\n\t\t\t\t<div class=\"elementor-element elementor-element-b1128fb elementor-widget elementor-widget-image\" data-id=\"b1128fb\" data-element_type=\"widget\" data-e-type=\"widget\" data-widget_type=\"image.default\">\n\t\t\t\t<div class=\"elementor-widget-container\">\n\t\t\t\t\t\t\t\t\t\t\t\t\t\t\t<img decoding=\"async\" width=\"800\" height=\"450\" src=\"https:\/\/usafiph.com\/wp-content\/uploads\/2024\/04\/Communautaire-1030x579.jpg\" class=\"attachment-large size-large wp-image-4471\" alt=\"\" srcset=\"https:\/\/usafiph.com\/wp-content\/uploads\/2024\/04\/Communautaire-1030x579.jpg 1030w, https:\/\/usafiph.com\/wp-content\/uploads\/2024\/04\/Communautaire-300x169.jpg 300w, https:\/\/usafiph.com\/wp-content\/uploads\/2024\/04\/Communautaire-768x432.jpg 768w, https:\/\/usafiph.com\/wp-content\/uploads\/2024\/04\/Communautaire-1536x864.jpg 1536w, https:\/\/usafiph.com\/wp-content\/uploads\/2024\/04\/Communautaire-18x10.jpg 18w, https:\/\/usafiph.com\/wp-content\/uploads\/2024\/04\/Communautaire.jpg 1920w\" sizes=\"(max-width: 800px) 100vw, 800px\" \/>\t\t\t\t\t\t\t\t\t\t\t\t\t\t\t<\/div>\n\t\t\t\t<\/div>\n\t\t\t\t\t<\/div>\n\t\t\t\t<\/div>\n\t\t<div class=\"elementor-element elementor-element-421ff13 e-flex e-con-boxed wpr-particle-no wpr-jarallax-no wpr-parallax-no wpr-sticky-section-no elementor-invisible e-con e-child\" data-id=\"421ff13\" data-element_type=\"container\" data-e-type=\"container\" data-settings=\"{&quot;animation&quot;:&quot;slideInRight&quot;}\">\n\t\t\t\t\t<div class=\"e-con-inner\">\n\t\t\t\t<div class=\"elementor-element elementor-element-401d257 elementor-widget elementor-widget-heading\" data-id=\"401d257\" data-element_type=\"widget\" data-e-type=\"widget\" data-widget_type=\"heading.default\">\n\t\t\t\t<div class=\"elementor-widget-container\">\n\t\t\t\t\t<h2 class=\"elementor-heading-title elementor-size-default\">Support for sports activities <\/h2>\t\t\t\t<\/div>\n\t\t\t\t<\/div>\n\t\t\t\t<div class=\"elementor-element elementor-element-d55c805 elementor-widget elementor-widget-text-editor\" data-id=\"d55c805\" data-element_type=\"widget\" data-e-type=\"widget\" data-widget_type=\"text-editor.default\">\n\t\t\t\t<div class=\"elementor-widget-container\">\n\t\t\t\t\t\t\t\t\tService Usafiph Inc's mission is to support leadership in the implementation of initiatives promoting a healthy, safe and harmonious sports, leisure and outdoor environment for the young people in our educational establishments.\t\t\t\t\t\t\t\t<\/div>\n\t\t\t\t<\/div>\n\t\t\t\t\t<\/div>\n\t\t\t\t<\/div>\n\t\t\t\t\t<\/div>\n\t\t\t\t<\/div>\n\t\t\t\t<\/div>","protected":false},"excerpt":{"rendered":"<p>Implications sociales Programme RSE Engag\u00e9 pour le d\u00e9veloppement social, environnemental et humain, Service Usafiph inc accorde un int\u00e9r\u00eat particulier aux objectifs de d\u00e9veloppement durable. Certains points des objectifs de d\u00e9veloppement durable sont au c\u0153ur de notre strat\u00e9gie. L\u2019\u00e9limination de la pauvret\u00e9,La d\u00e9mocratisation d\u2019une \u00e9ducation \u00e9quitable, inclusive et de qualit\u00e9,L\u2019autonomisation des femmes et filles,La cr\u00e9ation d\u2019emploi,La pr\u00e9servation et la restauration des \u00e9cosyst\u00e8mes terrestres etc. Dons de bienfaisance Avoir la sant\u00e9 signifie que l\u2019organisme, le moral et la raison sont en bon \u00e9tat or aujourd\u2019hui dans les pays en d\u00e9veloppement ce n\u2019est pas le cas. \u00catre en mauvaise sant\u00e9 engendre des douleurs, peut emp\u00eacher de travailler et dans le pire des cas entra\u00eener la mort. Soutenir la sant\u00e9 dans ces pays est un moyen de garantir l\u2019avenir et la vie de milliers de personnes qui sont dans le besoin. Service Usafiph inc \u00e0 travers des volontaires apporte un support aux \u00e9quipes m\u00e9dicales dans les dispensaires, h\u00f4pitaux ou cliniques et surtout am\u00e9liorer les soins et suivis des patients.\u00a0\u00a0 Soutien aux activit\u00e9s sportive Service Usafiph inc a pour mission de soutenir un leadership dans la mise en \u0153uvre d\u2019initiatives favorisant un environnement de sport, de loisir et de plein air sain, s\u00e9curitaire et harmonieux pour les jeunes de nos \u00e9tablissements scolaires.<\/p>","protected":false},"author":1,"featured_media":0,"parent":0,"menu_order":0,"comment_status":"closed","ping_status":"closed","template":"","meta":{"footnotes":""},"class_list":["post-4461","page","type-page","status-publish","hentry"],"_links":{"self":[{"href":"https:\/\/usafiph.com\/en\/wp-json\/wp\/v2\/pages\/4461","targetHints":{"allow":["GET"]}}],"collection":[{"href":"https:\/\/usafiph.com\/en\/wp-json\/wp\/v2\/pages"}],"about":[{"href":"https:\/\/usafiph.com\/en\/wp-json\/wp\/v2\/types\/page"}],"author":[{"embeddable":true,"href":"https:\/\/usafiph.com\/en\/wp-json\/wp\/v2\/users\/1"}],"replies":[{"embeddable":true,"href":"https:\/\/usafiph.com\/en\/wp-json\/wp\/v2\/comments?post=4461"}],"version-history":[{"count":0,"href":"https:\/\/usafiph.com\/en\/wp-json\/wp\/v2\/pages\/4461\/revisions"}],"wp:attachment":[{"href":"https:\/\/usafiph.com\/en\/wp-json\/wp\/v2\/media?parent=4461"}],"curies":[{"name":"wp","href":"https:\/\/api.w.org\/{rel}","templated":true}]}}